{"id":737,"date":"2015-08-12T11:34:07","date_gmt":"2015-08-12T17:34:07","guid":{"rendered":"http:\/\/www.impressarepuestos.com\/honduras\/?page_id=737"},"modified":"2015-08-12T11:36:47","modified_gmt":"2015-08-12T17:36:47","slug":"repuestos-y-accesorios","status":"publish","type":"page","link":"https:\/\/www.impressarepuestos.com\/honduras\/repuestos-y-accesorios\/","title":{"rendered":"Repuestos y Accesorios"},"content":{"rendered":"<p style=\"text-align: justify;\"><a href=\"http:\/\/grupo-planb.com\/impresssa\/wp-content\/uploads\/2012\/10\/img.png\"><img decoding=\"async\" loading=\"lazy\" class=\"alignnone size-full wp-image-2994\" src=\"http:\/\/grupo-planb.com\/impresssa\/wp-content\/uploads\/2012\/10\/img.png\" alt=\"img\" width=\"18\" height=\"16\" \/><\/a>\u00a0 \u00a0\u00a0Contamos con un centro de distribuci\u00f3n de 8,000 mts2. que almacena m\u00e1s de 50,000 \u00edtems. Esto nos permite manejar un amplio inventario para poner a su disposici\u00f3n m\u00e1s de 70 l\u00edneas de repuestos, llantas, bater\u00edas y lubricantes de prestigio mundial de manera que es posible satisfacer la demanda de la variada poblaci\u00f3n vehicular ofreciendo 100% de garant\u00eda en todos los productos que distribuimos.<\/p>\n","protected":false},"excerpt":{"rendered":"<p>\u00a0 \u00a0\u00a0Contamos con un centro de distribuci\u00f3n de 8,000 mts2. que almacena m\u00e1s de 50,000 \u00edtems. Esto nos permite manejar un amplio inventario para poner a su disposici\u00f3n m\u00e1s de 70 l\u00edneas de repuestos, llantas, bater\u00edas y lubricantes de prestigio mundial de manera que es posible satisfacer la demanda de la variada poblaci\u00f3n vehicular ofreciendo &hellip; <a href=\"https:\/\/www.impressarepuestos.com\/honduras\/repuestos-y-accesorios\/\" class=\"more-link\">Sigue leyendo <span class=\"screen-reader-text\">Repuestos y Accesorios<\/span> <span class=\"meta-nav\">&rarr;<\/span><\/a><\/p>\n","protected":false},"author":88893,"featured_media":739,"parent":0,"menu_order":0,"comment_status":"open","ping_status":"open","template":"page-productos.php","meta":[],"acf":[],"_links":{"self":[{"href":"https:\/\/www.impressarepuestos.com\/honduras\/wp-json\/wp\/v2\/pages\/737"}],"collection":[{"href":"https:\/\/www.impressarepuestos.com\/honduras\/wp-json\/wp\/v2\/pages"}],"about":[{"href":"https:\/\/www.impressarepuestos.com\/honduras\/wp-json\/wp\/v2\/types\/page"}],"author":[{"embeddable":true,"href":"https:\/\/www.impressarepuestos.com\/honduras\/wp-json\/wp\/v2\/users\/88893"}],"replies":[{"embeddable":true,"href":"https:\/\/www.impressarepuestos.com\/honduras\/wp-json\/wp\/v2\/comments?post=737"}],"version-history":[{"count":1,"href":"https:\/\/www.impressarepuestos.com\/honduras\/wp-json\/wp\/v2\/pages\/737\/revisions"}],"predecessor-version":[{"id":740,"href":"https:\/\/www.impressarepuestos.com\/honduras\/wp-json\/wp\/v2\/pages\/737\/revisions\/740"}],"wp:featuredmedia":[{"embeddable":true,"href":"https:\/\/www.impressarepuestos.com\/honduras\/wp-json\/wp\/v2\/media\/739"}],"wp:attachment":[{"href":"https:\/\/www.impressarepuestos.com\/honduras\/wp-json\/wp\/v2\/media?parent=737"}],"curies":[{"name":"wp","href":"https:\/\/api.w.org\/{rel}","templated":true}]}}