{"id":53,"date":"2012-09-17T14:58:26","date_gmt":"2012-09-17T14:58:26","guid":{"rendered":"http:\/\/www.impressarepuestos.com\/honduras\/?page_id=53"},"modified":"2021-10-14T12:27:54","modified_gmt":"2021-10-14T18:27:54","slug":"corporativo","status":"publish","type":"page","link":"https:\/\/www.impressarepuestos.com\/honduras\/corporativo\/","title":{"rendered":"Corporativo"},"content":{"rendered":"<div class=\"infocontentcorp\">\n<p style=\"text-align: justify;\">Contamos con m\u00e1s de 70\u00a0a\u00f1os de experiencia como importadora de las marcas de repuestos m\u00e1s prestigiosas en el mundo<\/p>\n<p style=\"text-align: justify;\">Estamos orgullosos de nuestros liderazgo en la venta de repuestos automotrices contando con m\u00e1s de 70 l\u00edneas de distribuci\u00f3n, que comercializamos a trav\u00e9s de nuestras 45 sucursales y 9 talleres a lo largo y ancho de El Salvador, 3 sucursales en Honduras y 7 sucursales en Nicaragua.<\/p>\n<p><img decoding=\"async\" src=\"http:\/\/impressarepuestos.com\/wp-content\/uploads\/2015\/07\/imgaereaimprep.png\" alt=\"\" \/><\/p>\n<p style=\"text-align: justify;\">Nuestros Horarios de atenci\u00f3n son:<\/p>\n<p style=\"text-align: justify;\">&#8211; De Lunes a Viernes de 7:30 a.m. a 5:30 p.m. Sin cerrar al mediod\u00eda.<br \/>\n&#8211; S\u00e1bado de 7:30 a.m. a 4:00 p.m.<\/p>\n<p style=\"text-align: justify;\">Contamos con el m\u00e1s grande stock de repuestos en el pa\u00eds, con m\u00e1s de 70,000 \u00edtems en nuestro centro de distribuci\u00f3n, el cual tiene una extensi\u00f3n de 10,000 mt2.<\/p>\n<p><img decoding=\"async\" src=\"http:\/\/impressarepuestos.com\/wp-content\/uploads\/2012\/06\/imgstock.png\" alt=\"\" \/><\/p>\n<p style=\"text-align: justify;\">Ofrecemos la m\u00e1s grande variedad de marcas importantes en la categor\u00eda de repuestos, las cuales son distribuidas en nuestras sucursales a los mejores precios.<\/p>\n<p><img decoding=\"async\" src=\"http:\/\/impressarepuestos.com\/wp-content\/uploads\/2015\/07\/marcasimp.png\" alt=\"\" \/><\/p>\n<p style=\"text-align: justify;\">Nuestra condici\u00f3n de importadores directos nos permite ofrecerle los precios m\u00e1s competitivos del mercado, garantizando a su empresa confianza y honestidad en nuestras negociaciones.<\/p>\n<p style=\"text-align: justify;\">BENEFICIOS:<\/p>\n<p style=\"text-align: justify;\">El cliente puede solicitar capacitaciones para su personal impartidas por nuestro departamento t\u00e9cnico.<br \/>\n\u2022 Chequeo de sistema el\u00e9ctrico gratis<br \/>\n\u2022 Diagn\u00f3stico computarizado.<br \/>\n\u2022 Revisi\u00f3n de 24 puntos por compra<br \/>\n\u2022 Servicio a domicilio<br \/>\n\u2022 Certificado de regalo<br \/>\n\u2022 Programa de garant\u00eda total<br \/>\n\u2022 Seguros de excelente calidad<\/p>\n<\/div>\n","protected":false},"excerpt":{"rendered":"<p>Contamos con m\u00e1s de 70\u00a0a\u00f1os de experiencia como importadora de las marcas de repuestos m\u00e1s prestigiosas en el mundo Estamos orgullosos de nuestros liderazgo en la venta de repuestos automotrices contando con m\u00e1s de 70 l\u00edneas de distribuci\u00f3n, que comercializamos a trav\u00e9s de nuestras 45 sucursales y 9 talleres a lo largo y ancho de &hellip; <a href=\"https:\/\/www.impressarepuestos.com\/honduras\/corporativo\/\" class=\"more-link\">Sigue leyendo <span class=\"screen-reader-text\">Corporativo<\/span> <span class=\"meta-nav\">&rarr;<\/span><\/a><\/p>\n","protected":false},"author":2,"featured_media":0,"parent":0,"menu_order":0,"comment_status":"open","ping_status":"open","template":"page-coorporativa.php","meta":[],"acf":[],"_links":{"self":[{"href":"https:\/\/www.impressarepuestos.com\/honduras\/wp-json\/wp\/v2\/pages\/53"}],"collection":[{"href":"https:\/\/www.impressarepuestos.com\/honduras\/wp-json\/wp\/v2\/pages"}],"about":[{"href":"https:\/\/www.impressarepuestos.com\/honduras\/wp-json\/wp\/v2\/types\/page"}],"author":[{"embeddable":true,"href":"https:\/\/www.impressarepuestos.com\/honduras\/wp-json\/wp\/v2\/users\/2"}],"replies":[{"embeddable":true,"href":"https:\/\/www.impressarepuestos.com\/honduras\/wp-json\/wp\/v2\/comments?post=53"}],"version-history":[{"count":10,"href":"https:\/\/www.impressarepuestos.com\/honduras\/wp-json\/wp\/v2\/pages\/53\/revisions"}],"predecessor-version":[{"id":2122,"href":"https:\/\/www.impressarepuestos.com\/honduras\/wp-json\/wp\/v2\/pages\/53\/revisions\/2122"}],"wp:attachment":[{"href":"https:\/\/www.impressarepuestos.com\/honduras\/wp-json\/wp\/v2\/media?parent=53"}],"curies":[{"name":"wp","href":"https:\/\/api.w.org\/{rel}","templated":true}]}}