{"id":3345,"date":"2021-01-05T10:47:37","date_gmt":"2021-01-05T16:47:37","guid":{"rendered":"https:\/\/www.impressarepuestos.com\/elsalvador\/?page_id=3345"},"modified":"2021-02-25T14:03:03","modified_gmt":"2021-02-25T20:03:03","slug":"contacto","status":"publish","type":"page","link":"https:\/\/www.impressarepuestos.com\/elsalvador\/contacto\/","title":{"rendered":"contacto"},"content":{"rendered":"\n<div class=\"row no-gutters px-4 m-0\">\n    <div class=\"col-2 col-md-1 col-lg-1 text-center\">\n        <i class=\"fa fa-map-marker\" aria-hidden=\"true\"><\/i>\n    <\/div>\n    <div class=\"col-10 col-md-11 col-lg-11\">\n        <h6>OFICINAS ADMINISTRATIVAS<\/h6>\n        <p>Km. 17 1\/2 Carretera a Quezaltepeque, cant\u00f3n Joya Galana, Hacienda El \u00c1ngel, lotificaci\u00f3n Las Ventanas pol\u00edgono 2 #9 frente a bodegas de walmart Apopa.<\/p>\n    <\/div>\n<\/div>\n<div class=\"row no-gutters px-4 m-0\">\n    <div class=\"col-2 col-md-1 col-lg-1\">\n        <i class=\"fa fa-phone\" aria-hidden=\"true\"><\/i>\n    <\/div>\n    <div class=\"col-6 col-md-3 col-lg-3\">\n        <h6>CALL CENTER<\/h6>\n        <p>2278-9999<\/p>\n    <\/div>\n    <div class=\"col-4 col-md-4 col-lg-4 border-left pl-3\">\n        <h6>TEL. OFICINA<\/h6>\n        <p>2212-0800<\/p>\n    <\/div>\n    <div class=\"col-2 col-md-1 col-lg-1\">\n        <i class=\"fa fa-whatsapp\" aria-hidden=\"true\"><\/i>\n    <\/div>\n    <div class=\"col-10 col-md-3 col-lg-3\">\n        <h6>WHATSAPP<\/h6>\n        <p>2278-9999<\/p>\n    <\/div>\n<\/div>\n<div class=\"row no-gutters px-4 m-0\">\n    <div class=\"col-2 col-md-1 col-lg-1 pr-1\">\n        <i class=\"fa fa-envelope-o\" aria-hidden=\"true\"><\/i>\n    <\/div>\n    <div class=\"col-10 col-md-11 col-lg-11\">\n        <h6>E-MAIL<\/h6>\n        <p>negocios@impressarepuestos.com<\/p>\n    <\/div>\n<\/div>\n","protected":false},"excerpt":{"rendered":"<p>OFICINAS ADMINISTRATIVAS Km. 17 1\/2 Carretera a Quezaltepeque, cant\u00f3n Joya Galana, Hacienda El \u00c1ngel, lotificaci\u00f3n Las Ventanas pol\u00edgono 2 #9 frente a bodegas de walmart Apopa. CALL CENTER 2278-9999 TEL. OFICINA 2212-0800 WHATSAPP 2278-9999 E-MAIL negocios@impressarepuestos.com<\/p>\n","protected":false},"author":1,"featured_media":3346,"parent":0,"menu_order":0,"comment_status":"closed","ping_status":"closed","template":"ircontact.php","meta":[],"acf":[],"_links":{"self":[{"href":"https:\/\/www.impressarepuestos.com\/elsalvador\/wp-json\/wp\/v2\/pages\/3345"}],"collection":[{"href":"https:\/\/www.impressarepuestos.com\/elsalvador\/wp-json\/wp\/v2\/pages"}],"about":[{"href":"https:\/\/www.impressarepuestos.com\/elsalvador\/wp-json\/wp\/v2\/types\/page"}],"author":[{"embeddable":true,"href":"https:\/\/www.impressarepuestos.com\/elsalvador\/wp-json\/wp\/v2\/users\/1"}],"replies":[{"embeddable":true,"href":"https:\/\/www.impressarepuestos.com\/elsalvador\/wp-json\/wp\/v2\/comments?post=3345"}],"version-history":[{"count":3,"href":"https:\/\/www.impressarepuestos.com\/elsalvador\/wp-json\/wp\/v2\/pages\/3345\/revisions"}],"predecessor-version":[{"id":3559,"href":"https:\/\/www.impressarepuestos.com\/elsalvador\/wp-json\/wp\/v2\/pages\/3345\/revisions\/3559"}],"wp:featuredmedia":[{"embeddable":true,"href":"https:\/\/www.impressarepuestos.com\/elsalvador\/wp-json\/wp\/v2\/media\/3346"}],"wp:attachment":[{"href":"https:\/\/www.impressarepuestos.com\/elsalvador\/wp-json\/wp\/v2\/media?parent=3345"}],"curies":[{"name":"wp","href":"https:\/\/api.w.org\/{rel}","templated":true}]}}