{"id":3,"date":"2017-05-08T10:32:47","date_gmt":"2017-05-08T16:32:47","guid":{"rendered":"http:\/\/www.impressarepuestos.com\/elsalvador\/?page_id=3"},"modified":"2023-11-13T12:20:43","modified_gmt":"2023-11-13T18:20:43","slug":"corporativo","status":"publish","type":"page","link":"https:\/\/www.impressarepuestos.com\/elsalvador\/corporativo\/","title":{"rendered":"Corporativo"},"content":{"rendered":"<h1 class=\"headertitle text-center bg-impressa text-white rounded\">EXPERIENCIA<\/h1>\n<p class=\"text-center\">En <strong>Impressa Repuestos<\/strong> somos una compa\u00f1ia regional con m\u00e1s de 70 a\u00f1os de trayectoria y<\/p>\n<p class=\"text-center\">asesor\u00eda automotriz. Nos enorgullece contar con una fuerza de venta de m\u00e1s de 700<\/p>\n<p class=\"text-center\">profesionales que atienden las necesidades de un creciente parque veh\u00edcular.<\/p>\n<p class=\"text-center\">En todo este tiempo, hemos consolidado proyectos que fortalecen la experiencia de compra entre<\/p>\n<p class=\"text-center\">todos nuestros clientes. Por lo mismo, hemos crecido con m\u00e1s de 70 l\u00edneas de distribuci\u00f3n que se<\/p>\n<p class=\"text-center\">comercializan a trav\u00e9s de 47 sucursales y 9 talleres de servicio.<\/p>\n<figure id=\"attachment_1837\" aria-describedby=\"caption-attachment-1837\" style=\"width: 635px\" class=\"wp-caption aligncenter\"><img decoding=\"async\" loading=\"lazy\" class=\"wp-image-1837 size-full m-auto\" src=\"http:\/\/www.impressarepuestos.com\/elsalvador\/files\/2019\/03\/irgiacoman.png\" alt=\"Miguel A. Giacom\u00e1n (al centro) fundador de Impressa Repuestos\" width=\"635\" height=\"454\" srcset=\"https:\/\/www.impressarepuestos.com\/elsalvador\/files\/2019\/03\/irgiacoman.png 635w, https:\/\/www.impressarepuestos.com\/elsalvador\/files\/2019\/03\/irgiacoman-300x214.png 300w, https:\/\/www.impressarepuestos.com\/elsalvador\/files\/2019\/03\/irgiacoman-600x429.png 600w\" sizes=\"(max-width: 635px) 100vw, 635px\" \/><figcaption id=\"caption-attachment-1837\" class=\"wp-caption-text\">Miguel A. Giacom\u00e1n (al centro) fundador de Impressa Repuestos<\/figcaption><\/figure>\n<p><img decoding=\"async\" loading=\"lazy\" class=\"m-auto aligncenter size-full wp-image-1838\" src=\"http:\/\/www.impressarepuestos.com\/elsalvador\/files\/2019\/03\/casagiacoman.png\" alt=\"\" width=\"635\" height=\"454\" srcset=\"https:\/\/www.impressarepuestos.com\/elsalvador\/files\/2019\/03\/casagiacoman.png 635w, https:\/\/www.impressarepuestos.com\/elsalvador\/files\/2019\/03\/casagiacoman-300x214.png 300w, https:\/\/www.impressarepuestos.com\/elsalvador\/files\/2019\/03\/casagiacoman-600x429.png 600w\" sizes=\"(max-width: 635px) 100vw, 635px\" \/><\/p>\n<p><img decoding=\"async\" loading=\"lazy\" class=\"aligncenter size-large wp-image-1839\" src=\"http:\/\/www.impressarepuestos.com\/elsalvador\/files\/2019\/03\/newpaper-668x1024.png\" alt=\"\" width=\"604\" height=\"926\" srcset=\"https:\/\/www.impressarepuestos.com\/elsalvador\/files\/2019\/03\/newpaper-668x1024.png 668w, https:\/\/www.impressarepuestos.com\/elsalvador\/files\/2019\/03\/newpaper-196x300.png 196w, https:\/\/www.impressarepuestos.com\/elsalvador\/files\/2019\/03\/newpaper-768x1178.png 768w, https:\/\/www.impressarepuestos.com\/elsalvador\/files\/2019\/03\/newpaper-600x920.png 600w, https:\/\/www.impressarepuestos.com\/elsalvador\/files\/2019\/03\/newpaper.png 881w\" sizes=\"(max-width: 604px) 100vw, 604px\" \/><\/p>\n<h1 class=\"headertitle text-center bg-impressa text-white rounded\">TRAYECTORIA<\/h1>\n<div class=\"row\">\n<div class=\"col-12\"><img decoding=\"async\" loading=\"lazy\" width=\"955\" height=\"3449\" class=\"aligncenter size-full wp-image-1847\" src=\"http:\/\/www.impressarepuestos.com\/elsalvador\/files\/2019\/03\/timeline.png\" alt=\"\" srcset=\"https:\/\/www.impressarepuestos.com\/elsalvador\/files\/2019\/03\/timeline.png 955w, https:\/\/www.impressarepuestos.com\/elsalvador\/files\/2019\/03\/timeline-83x300.png 83w, https:\/\/www.impressarepuestos.com\/elsalvador\/files\/2019\/03\/timeline-768x2774.png 768w, https:\/\/www.impressarepuestos.com\/elsalvador\/files\/2019\/03\/timeline-600x2167.png 600w\" sizes=\"(max-width: 955px) 100vw, 955px\" \/><\/div>\n<\/div>\n<p class=\"text-center\">Parte de esa experiencia, es habernos convertido en importadores directos de fabricantes de<\/p>\n<p class=\"text-center\">equipo original, que nos permite ofrecer los precios m\u00e1s competitivos del mercado. Ademas,<\/p>\n<p class=\"text-center\">debido al incondicional respaldo de marcas a nivel mundial, brindamos la mayor garant\u00eda en toda<\/p>\n<p class=\"text-center\">nuestra l\u00edneas de repuestos.<\/p>\n<p class=\"text-center\">Esta trayectoria y experiencia nos ha permitido conocer y enfocarnos en satisfacer las exigencias<\/p>\n<p class=\"text-center\">y necesidades del mercado y su parque vehicular; al mismo tiempo en entregar a todos nuestros<\/p>\n<p class=\"text-center\">clientes productos de excelencia y calidad. Nuestra empresa continuar\u00e1 trabajando sus objetivos<\/p>\n<p class=\"text-center\">y planes desde y para sus clientes, realizando todo el trabajo con la mayor transparencia y lealtad<\/p>\n<p class=\"text-center\">posible, haciendo de estos, los pilares que permitan seguir por m\u00e1s a\u00f1os marcando liderazgo en<\/p>\n<p class=\"text-center\">la industria automotriz.<\/p>\n<h1 class=\"headertitle text-center bg-impressa text-white\">Mu\u00e9vete por m\u00e1s experiencia. Mu\u00e9vete seguro.<\/h1>\n","protected":false},"excerpt":{"rendered":"<p>EXPERIENCIA En Impressa Repuestos somos una compa\u00f1ia regional con m\u00e1s de 70 a\u00f1os de trayectoria y asesor\u00eda automotriz. Nos enorgullece contar con una fuerza de venta de m\u00e1s de 700 profesionales que atienden las necesidades de un creciente parque veh\u00edcular. En todo este tiempo, hemos consolidado proyectos que fortalecen la experiencia de compra entre todos &hellip; <a href=\"https:\/\/www.impressarepuestos.com\/elsalvador\/corporativo\/\" class=\"more-link\">Sigue leyendo <span class=\"screen-reader-text\">Corporativo<\/span> <span class=\"meta-nav\">&rarr;<\/span><\/a><\/p>\n","protected":false},"author":1,"featured_media":0,"parent":0,"menu_order":0,"comment_status":"closed","ping_status":"closed","template":"page-coorporativa.php","meta":[],"acf":[],"_links":{"self":[{"href":"https:\/\/www.impressarepuestos.com\/elsalvador\/wp-json\/wp\/v2\/pages\/3"}],"collection":[{"href":"https:\/\/www.impressarepuestos.com\/elsalvador\/wp-json\/wp\/v2\/pages"}],"about":[{"href":"https:\/\/www.impressarepuestos.com\/elsalvador\/wp-json\/wp\/v2\/types\/page"}],"author":[{"embeddable":true,"href":"https:\/\/www.impressarepuestos.com\/elsalvador\/wp-json\/wp\/v2\/users\/1"}],"replies":[{"embeddable":true,"href":"https:\/\/www.impressarepuestos.com\/elsalvador\/wp-json\/wp\/v2\/comments?post=3"}],"version-history":[{"count":24,"href":"https:\/\/www.impressarepuestos.com\/elsalvador\/wp-json\/wp\/v2\/pages\/3\/revisions"}],"predecessor-version":[{"id":4520,"href":"https:\/\/www.impressarepuestos.com\/elsalvador\/wp-json\/wp\/v2\/pages\/3\/revisions\/4520"}],"wp:attachment":[{"href":"https:\/\/www.impressarepuestos.com\/elsalvador\/wp-json\/wp\/v2\/media?parent=3"}],"curies":[{"name":"wp","href":"https:\/\/api.w.org\/{rel}","templated":true}]}}